{"id":116,"date":"2012-11-18T23:14:12","date_gmt":"2012-11-18T23:14:12","guid":{"rendered":"http:\/\/s441891617.mialojamiento.es\/?page_id=116"},"modified":"2025-03-07T08:53:31","modified_gmt":"2025-03-07T08:53:31","slug":"home","status":"publish","type":"page","link":"http:\/\/mdelara.com\/","title":{"rendered":"Home"},"content":{"rendered":"<p>BIENVENIDOS A LA NUEVA P\u00c1GINA DE JUAN GUILLERMO M. DE LARA<\/p>\n<p><iframe loading=\"lazy\" title=\"Juan Guillermo M. de Lara\" width=\"500\" height=\"375\" src=\"https:\/\/www.youtube.com\/embed\/mbiJkOzJwZk?feature=oembed\" frameborder=\"0\" allow=\"accelerometer; autoplay; clipboard-write; encrypted-media; gyroscope; picture-in-picture; web-share\" referrerpolicy=\"strict-origin-when-cross-origin\" allowfullscreen><\/iframe><\/p>\n\n\n<p>PRONTO A\u00d1ADIREMOS M\u00c1S CONTENIDOS<\/p>\n","protected":false},"excerpt":{"rendered":"<p>BIENVENIDOS A LA NUEVA P\u00c1GINA DE JUAN GUILLERMO M. DE LARA PRONTO A\u00d1ADIREMOS M\u00c1S CONTENIDOS<\/p>\n","protected":false},"author":1,"featured_media":0,"parent":0,"menu_order":0,"comment_status":"open","ping_status":"open","template":"","meta":{"ngg_post_thumbnail":0},"aioseo_notices":[],"_links":{"self":[{"href":"http:\/\/mdelara.com\/index.php?rest_route=\/wp\/v2\/pages\/116"}],"collection":[{"href":"http:\/\/mdelara.com\/index.php?rest_route=\/wp\/v2\/pages"}],"about":[{"href":"http:\/\/mdelara.com\/index.php?rest_route=\/wp\/v2\/types\/page"}],"author":[{"embeddable":true,"href":"http:\/\/mdelara.com\/index.php?rest_route=\/wp\/v2\/users\/1"}],"replies":[{"embeddable":true,"href":"http:\/\/mdelara.com\/index.php?rest_route=%2Fwp%2Fv2%2Fcomments&post=116"}],"version-history":[{"count":4,"href":"http:\/\/mdelara.com\/index.php?rest_route=\/wp\/v2\/pages\/116\/revisions"}],"predecessor-version":[{"id":190,"href":"http:\/\/mdelara.com\/index.php?rest_route=\/wp\/v2\/pages\/116\/revisions\/190"}],"wp:attachment":[{"href":"http:\/\/mdelara.com\/index.php?rest_route=%2Fwp%2Fv2%2Fmedia&parent=116"}],"curies":[{"name":"wp","href":"https:\/\/api.w.org\/{rel}","templated":true}]}}